{"id":3758,"date":"2023-06-12T11:18:41","date_gmt":"2023-06-12T11:18:41","guid":{"rendered":"https:\/\/www.hiley.pl\/p\/ladowarka-do-hiley-tiger-9-pro-58-8v-2a-wtyk-gx-16\/"},"modified":"2025-10-21T08:14:05","modified_gmt":"2025-10-21T07:14:05","slug":"58-8v-2a-charger-gx-16-plug-for-hiley-tiger-10-and-9-pro","status":"publish","type":"product","link":"https:\/\/hiley.eu\/pl\/p\/58-8v-2a-charger-gx-16-plug-for-hiley-tiger-10-and-9-pro\/","title":{"rendered":"\u0141adowarka 58.8V 2A wtyk GX-16 do Hiley Tiger 10 i 9 PRO"},"content":{"rendered":"<p><\/p>\n<h2 style=\"margin-right: 0px; margin-bottom: 32px; margin-left: 0px;\">\u0141adowarka do hulajn\u00f3g elektrycznych<\/h2>\n<p style=\"margin-bottom: 1.25rem; font-family: Lato, sans-serif; font-size: 20px; line-height: 26px; letter-spacing: 0.2px;\">\u0141adowarka jest wykonana z wysokiej jako\u015bci materia\u0142\u00f3w i przy u\u017cyciu najnowocze\u015bniejszych technologii, bardzo wytrzyma\u0142a i niezawodna.<\/p>\n<p style=\"margin-bottom: 1.25rem; font-family: Lato, sans-serif; font-size: 20px; line-height: 26px; letter-spacing: 0.2px;\">Posiada zabezpieczenie przed prze\u0142adowaniem, zabezpieczenie przed zwarciem oraz zabezpieczenie termiczne.<\/p>\n<p style=\"margin-bottom: 1.25rem; font-family: Lato, sans-serif; font-size: 20px; line-height: 26px; letter-spacing: 0.2px;\">Prosta obs\u0142uga \u2013 wystarczy pod\u0142\u0105czy\u0107 do gniazdka<\/p>\n<p style=\"margin-bottom: 1.25rem; font-family: Lato, sans-serif; font-size: 20px; line-height: 26px; letter-spacing: 0.2px;\"><span style=\"font-weight: bold; margin-bottom: 0px;\">Pr\u0105d \u0142adowania o nat\u0119\u017ceniu 2A<\/span>\u00a0\u2013 zapewnia standardow\u0105 szybko\u015b\u0107 \u0142adowania<\/p>\n<p style=\"margin-bottom: 1.25rem; font-family: Lato, sans-serif; font-size: 20px; line-height: 26px; letter-spacing: 0.2px;\">Wytrzyma\u0142a i ergonomiczna obudowa<\/p>\n<p style=\"margin-bottom: 0px; font-family: Lato, sans-serif; font-size: 20px; line-height: 26px; letter-spacing: 0.2px;\"><span style=\"font-weight: bold;\">Parametry techniczne:<\/span><br \/>\nNapi\u0119cie: 58.8V,<br \/>\nNat\u0119\u017cenie: 2A,<br style=\"margin-bottom: 0px;\" \/>Wtyk DC: GX-16<\/p>\n<p><\/p>","protected":false},"excerpt":{"rendered":"<p>\u0141adowarka do hulajn\u00f3g elektrycznych \u0141adowarka jest wykonana z wysokiej jako\u015bci materia\u0142\u00f3w i przy u\u017cyciu najnowocze\u015bniejszych technologii, bardzo wytrzyma\u0142a i niezawodna. Posiada zabezpieczenie przed prze\u0142adowaniem, zabezpieczenie przed zwarciem oraz zabezpieczenie termiczne. Prosta obs\u0142uga \u2013 wystarczy pod\u0142\u0105czy\u0107 do gniazdka Pr\u0105d \u0142adowania o nat\u0119\u017ceniu 2A\u00a0\u2013 zapewnia standardow\u0105 szybko\u015b\u0107 \u0142adowania Wytrzyma\u0142a i ergonomiczna obudowa Parametry techniczne: Napi\u0119cie: 58.8V, Nat\u0119\u017cenie: [&hellip;]<\/p>\n","protected":false},"featured_media":3755,"template":"","meta":{"_seopress_robots_primary_cat":"none","_seopress_titles_title":"","_seopress_titles_desc":"","_seopress_robots_index":""},"product_brand":[],"product_cat":[103],"product_tag":[],"class_list":{"0":"post-3758","1":"product","2":"type-product","3":"status-publish","4":"has-post-thumbnail","6":"product_cat-replacement-parts","8":"first","9":"instock","10":"taxable","11":"shipping-taxable","12":"purchasable","13":"product-type-simple"},"wcpa_form_fields":null,"_links":{"self":[{"href":"https:\/\/hiley.eu\/pl\/wp-json\/wp\/v2\/product\/3758","targetHints":{"allow":["GET"]}}],"collection":[{"href":"https:\/\/hiley.eu\/pl\/wp-json\/wp\/v2\/product"}],"about":[{"href":"https:\/\/hiley.eu\/pl\/wp-json\/wp\/v2\/types\/product"}],"wp:featuredmedia":[{"embeddable":true,"href":"https:\/\/hiley.eu\/pl\/wp-json\/wp\/v2\/media\/3755"}],"wp:attachment":[{"href":"https:\/\/hiley.eu\/pl\/wp-json\/wp\/v2\/media?parent=3758"}],"wp:term":[{"taxonomy":"product_brand","embeddable":true,"href":"https:\/\/hiley.eu\/pl\/wp-json\/wp\/v2\/product_brand?post=3758"},{"taxonomy":"product_cat","embeddable":true,"href":"https:\/\/hiley.eu\/pl\/wp-json\/wp\/v2\/product_cat?post=3758"},{"taxonomy":"product_tag","embeddable":true,"href":"https:\/\/hiley.eu\/pl\/wp-json\/wp\/v2\/product_tag?post=3758"}],"curies":[{"name":"wp","href":"https:\/\/api.w.org\/{rel}","templated":true}]}}