{"id":2285,"date":"2021-12-13T17:31:01","date_gmt":"2021-12-13T17:31:01","guid":{"rendered":"https:\/\/www.hiley.pl\/?page_id=2285"},"modified":"2024-02-23T12:06:06","modified_gmt":"2024-02-23T12:06:06","slug":"b2b-partnership","status":"publish","type":"page","link":"https:\/\/hiley.eu\/pl\/b2b-partnership\/","title":{"rendered":"Wsp\u00f3\u0142praca B2B"},"content":{"rendered":"<div class=\"wpb-content-wrapper\"><p>[vc_row][vc_column][\/vc_column][\/vc_row][vc_row wrap_container=&#8221;yes&#8221; css=&#8221;.vc_custom_1544835925643{padding-top: 90px !important;padding-bottom: 50px !important;}&#8221;][vc_column offset=&#8221;vc_col-md-offset-1 vc_col-md-10&#8243;]<div class=\"porto-u-heading  wpb_custom_95aa9a11c17ad45cfabaf210d84ee7cc porto-u-55ca8359258f9a412be7e73af65d2aac \" data-appear-animation=\"fadeInUp\" data-appear-animation-delay=\"100\"><div class=\"porto-u-main-heading\"><h2   style=\"font-weight:700;margin-bottom: 30px;font-size:42px;line-height:42px;\">Do\u0142\u0105cz do sieci dealerskiej hulajn\u00f3g elektrycznych marki Hiley.<\/h2><\/div><div class=\"porto-u-sub-heading\" style=\"font-size:16.8px;line-height:32px;\">\n<p style=\"text-align: center;\">Jeste\u015bmy otwarci na wsp\u00f3\u0142prac\u0119 z firmami i osobami, kt\u00f3re pasjonuj\u0105 si\u0119 hulajnogami elektrycznymi. Skontaktuj si\u0119 z nami je\u015bli chcesz zosta\u0107 oficjalnym sprzedawc\u0105 lub serwisem marki Hiley.<\/p>\n<p><\/div><style>.porto-u-55ca8359258f9a412be7e73af65d2aac.porto-u-heading{text-align:center}<\/style><\/div>[vc_cta h2=&#8221;Porozmawiajmy o mo\u017cliwo\u015bciach wsp\u00f3\u0142pracy&#8221; txt_align=&#8221;center&#8221; shape=&#8221;square&#8221; style=&#8221;flat&#8221; color=&#8221;white&#8221; add_button=&#8221;right&#8221; btn_title=&#8221;Skontaktuj si\u0119 z nami&#8221; btn_style=&#8221;modern&#8221; btn_color=&#8221;primary&#8221; btn_size=&#8221;lg&#8221; btn_align=&#8221;center&#8221; btn_skin=&#8221;dark&#8221; btn_show_arrow=&#8221;yes&#8221; btn_el_class=&#8221;btn-call-to-action&#8221; css=&#8221;.vc_custom_1707470176268{background-color: #f7f7f7 !important;}&#8221; el_class=&#8221;mb-0&#8243; btn_link=&#8221;url:%23contact&#8221;]Poszerz ofert\u0119 o wysokiej jako\u015bci hulajnogi elektryczne[\/vc_cta][\/vc_column][\/vc_row][vc_row wrap_container=&#8221;yes&#8221; css=&#8221;.vc_custom_1557865571086{border-top-width: 1px !important;padding-top: 75px !important;padding-bottom: 75px !important;border-top-color: rgba(0,0,0,0.06) !important;border-top-style: solid !important;}&#8221;][vc_column]<div class=\"porto-u-heading  wpb_custom_95aa9a11c17ad45cfabaf210d84ee7cc porto-u-55ca8359258f9a412be7e73af65d2aac \" data-appear-animation=\"fadeInUp\" data-appear-animation-delay=\"100\"><div class=\"porto-u-main-heading\"><h2   style=\"font-weight:700;margin-bottom: 30px;font-size:42px;line-height:42px;\">Dlaczego warto?<\/h2><\/div><style>.porto-u-55ca8359258f9a412be7e73af65d2aac.porto-u-heading{text-align:center}<\/style><\/div>[vc_row_inner el_class=&#8221;content-grid no-padding&#8221;][vc_column_inner el_class=&#8221;content-grid-item&#8221; width=&#8221;1\/2&#8243; offset=&#8221;vc_col-md-4&#8243;]<div class=\"porto-sicon-box  vc_custom_1639418940482  wpb_custom_860683fe6d5975d7b2cff563f7366f5c style_1 top-icon\"><div class=\"porto-sicon-top\"><div class=\"porto-just-icon-wrapper porto-icon none\" style=\"color:#121212;font-size:40px;\"><i class=\"fas fa-bullhorn\"><\/i><\/div><\/div><div class=\"porto-sicon-header\"><h3 class=\"porto-sicon-title\" style=\"font-weight:600;font-size:21px;color:#212529;line-height:24px;\">Wsparcie marketingowe<\/h3><\/div> <!-- header --><div class=\"porto-sicon-description\" style=\"\">Otrzymasz wszelkie materia\u0142y niezb\u0119dne do skutecznej sprzeda\u017cy: ulotki, broszury, bannery oraz materia\u0142y elektroniczne.<\/div> <!-- description --><\/div><!-- porto-sicon-box -->[\/vc_column_inner][vc_column_inner el_class=&#8221;content-grid-item&#8221; width=&#8221;1\/2&#8243; offset=&#8221;vc_col-md-4&#8243;]<div class=\"porto-sicon-box  vc_custom_1639419062461  wpb_custom_860683fe6d5975d7b2cff563f7366f5c style_1 top-icon\"><div class=\"porto-sicon-top\"><div class=\"porto-just-icon-wrapper porto-icon none\" style=\"color:#121212;font-size:40px;\"><i class=\"fas fa-warehouse\"><\/i><\/div><\/div><div class=\"porto-sicon-header\"><h3 class=\"porto-sicon-title\" style=\"font-weight:600;font-size:21px;color:#212529;line-height:24px;\">Magazyny w Polsce<\/h3><\/div> <!-- header --><div class=\"porto-sicon-description\" style=\"\">Dysponujemy magazynami w Polsce przez co produkty dostarczane s\u0105 do klient\u00f3w w ci\u0105gu 24h.<\/div> <!-- description --><\/div><!-- porto-sicon-box -->[\/vc_column_inner][vc_column_inner el_class=&#8221;content-grid-item&#8221; width=&#8221;1\/2&#8243; offset=&#8221;vc_col-md-4&#8243;]<div class=\"porto-sicon-box  vc_custom_1639422866211  wpb_custom_860683fe6d5975d7b2cff563f7366f5c style_1 top-icon\"><div class=\"porto-sicon-top\"><div class=\"porto-just-icon-wrapper porto-icon none\" style=\"color:#121212;font-size:40px;\"><i class=\"far fa-life-ring\"><\/i><\/div><\/div><div class=\"porto-sicon-header\"><h3 class=\"porto-sicon-title\" style=\"font-weight:600;font-size:21px;color:#212529;line-height:24px;\">Profesjonalne wsparcie<\/h3><\/div> <!-- header --><div class=\"porto-sicon-description\" style=\"\">Jeste\u015bmy do Twojej dyspozycji w ka\u017cdej chwili. Wspieramy Twoj\u0105 sprzeda\u017c, a serwisanci wspieraj\u0105 w sprawach technicznych.<\/div> <!-- description --><\/div><!-- porto-sicon-box -->[\/vc_column_inner][vc_column_inner el_class=&#8221;content-grid-item&#8221; width=&#8221;1\/2&#8243; offset=&#8221;vc_col-md-4&#8243;]<div class=\"porto-sicon-box  vc_custom_1639423189535  wpb_custom_860683fe6d5975d7b2cff563f7366f5c style_1 top-icon\"><div class=\"porto-sicon-top\"><div class=\"porto-just-icon-wrapper porto-icon none\" style=\"color:#121212;font-size:40px;\"><i class=\"fas fa-handshake\"><\/i><\/div><\/div><div class=\"porto-sicon-header\"><h3 class=\"porto-sicon-title\" style=\"font-weight:600;font-size:21px;color:#212529;line-height:24px;\">Atrakcyjne warunki cenowe<\/h3><\/div> <!-- header --><div class=\"porto-sicon-description\" style=\"\">Nasi partnerzy mog\u0105 liczy\u0107 na preferencyjne ceny i r\u00f3wne warunki traktowania.<\/div> <!-- description --><\/div><!-- porto-sicon-box -->[\/vc_column_inner][vc_column_inner el_class=&#8221;content-grid-item&#8221; width=&#8221;1\/2&#8243; offset=&#8221;vc_col-md-4&#8243;]<div class=\"porto-sicon-box  vc_custom_1639423576593  wpb_custom_860683fe6d5975d7b2cff563f7366f5c style_1 top-icon\"><div class=\"porto-sicon-top\"><div class=\"porto-just-icon-wrapper porto-icon none\" style=\"color:#121212;font-size:40px;\"><i class=\"fas fa-wrench\"><\/i><\/div><\/div><div class=\"porto-sicon-header\"><h3 class=\"porto-sicon-title\" style=\"font-weight:600;font-size:21px;color:#212529;line-height:24px;\">Wsparcie serwisowe<\/h3><\/div> <!-- header --><div class=\"porto-sicon-description\" style=\"\">Posiadamy centralny serwis w Polsce. Dostarczamy cz\u0119\u015bci do klient\u00f3w i wspieramy ich serwisy poprzez dostarczanie cz\u0119\u015bci zamiennych i pomoc techniczn\u0105.<\/div> <!-- description --><\/div><!-- porto-sicon-box -->[\/vc_column_inner][vc_column_inner el_class=&#8221;content-grid-item&#8221; width=&#8221;1\/2&#8243; offset=&#8221;vc_col-md-4&#8243;]<div class=\"porto-sicon-box  vc_custom_1639423840769  wpb_custom_860683fe6d5975d7b2cff563f7366f5c style_1 top-icon\"><div class=\"porto-sicon-top\"><div class=\"porto-just-icon-wrapper porto-icon none\" style=\"color:#121212;font-size:40px;\"><i class=\"fas fa-star\"><\/i><\/div><\/div><div class=\"porto-sicon-header\"><h3 class=\"porto-sicon-title\" style=\"font-weight:600;font-size:21px;color:#212529;line-height:24px;\">Obs\u0142uga gwarancyjna<\/h3><\/div> <!-- header --><div class=\"porto-sicon-description\" style=\"\">Tylko sprzedajesz, a my zajmujemy si\u0119 kompleksowo obs\u0142ug\u0105 gwarancyjn\u0105 lub zostajesz autoryzowanym serwisem naszej marki.<\/div> <!-- description --><\/div><!-- porto-sicon-box -->[\/vc_column_inner][\/vc_row_inner][\/vc_column][\/vc_row][vc_row full_width=&#8221;stretch_row&#8221; wrap_container=&#8221;yes&#8221; section_text_color=&#8221;light&#8221; is_section=&#8221;yes&#8221; remove_margin_bottom=&#8221;yes&#8221; css=&#8221;.vc_custom_1707470198527{padding-top: 50px !important;padding-bottom: 50px !important;background-image: url(\/\/sw-themes.com\/porto_dummy\/wp-content\/uploads\/2017\/01\/contact-background.jpg?id=126) !important;background-position: center !important;background-repeat: no-repeat !important;background-size: cover !important;}&#8221; el_class=&#8221;pre-footer-bg m-t-none&#8221; el_id=&#8221;contact&#8221; conditional_render=&#8221;%5B%7B%22value_role%22%3A%22administrator%22%7D%5D&#8221;][vc_column width=&#8221;1\/2&#8243;][vc_custom_heading text=&#8221;- Kontakt B2B&#8221; use_theme_fonts=&#8221;yes&#8221; el_class=&#8221;font-weight-bold m-b-md&#8221;][vc_custom_heading text=&#8221;Zadzwo\u0144&#8221; font_container=&#8221;tag:h4|text_align:left&#8221; use_theme_fonts=&#8221;yes&#8221; el_class=&#8221;m-b-xs&#8221;][vc_column_text el_class=&#8221;m-b-md&#8221;]<a class=\"text-decoration-none\" title=\"Zadzwon\" href=\"tel:+48600522745\" target=\"_blank\" rel=\"noopener\"> <span class=\"custom-call-to-action-2 text-color-light text-sm custom-opacity-font\"> Telefon <span class=\"info text-lg\"> +48 600 522 745<\/span><\/span><\/a>[\/vc_column_text][vc_custom_heading text=&#8221;Wy\u015blij e-mail&#8221; font_container=&#8221;tag:h4|text_align:left&#8221; use_theme_fonts=&#8221;yes&#8221; el_class=&#8221;m-b-xs&#8221;][vc_column_text]<a class=\"text-decoration-none\" title=\"Call Us\" href=\"http:\/\/kontakt@tonaz.pl\" target=\"_blank\" rel=\"noopener\"><span class=\"custom-call-to-action-2 text-color-light text-sm custom-opacity-font\">E-mail <span class=\"info text-lg\">kontakt@tonaz.pl<\/span><\/span><\/a>[\/vc_column_text][\/vc_column][vc_column width=&#8221;1\/2&#8243; el_class=&#8221;custom-contact-form-style-1&#8243;][vc_custom_heading text=&#8221;- Napisz do nas&#8221; use_theme_fonts=&#8221;yes&#8221; el_class=&#8221;font-weight-bold custom-margin&#8221;]\n<div class=\"wpcf7 no-js\" id=\"wpcf7-f2326-o2\" lang=\"en-US\" dir=\"ltr\" data-wpcf7-id=\"2326\">\n<div class=\"screen-reader-response\"><p role=\"status\" aria-live=\"polite\" aria-atomic=\"true\"><\/p> <ul><\/ul><\/div>\n<form action=\"\/pl\/wp-json\/wp\/v2\/pages\/2285#wpcf7-f2326-o2\" method=\"post\" class=\"wpcf7-form init\" aria-label=\"Contact form\" novalidate=\"novalidate\" data-status=\"init\">\n<fieldset class=\"hidden-fields-container\"><input type=\"hidden\" name=\"_wpcf7\" value=\"2326\" \/><input type=\"hidden\" name=\"_wpcf7_version\" value=\"6.1.4\" \/><input type=\"hidden\" name=\"_wpcf7_locale\" value=\"en_US\" \/><input type=\"hidden\" name=\"_wpcf7_unit_tag\" value=\"wpcf7-f2326-o2\" \/><input type=\"hidden\" name=\"_wpcf7_container_post\" value=\"0\" \/><input type=\"hidden\" name=\"_wpcf7_posted_data_hash\" value=\"\" \/>\n<\/fieldset>\n<div class=\"wpcf7-turnstile cf-turnstile\" data-sitekey=\"0x4AAAAAACVWUrtcMOY3evDB\" data-response-field-name=\"_wpcf7_turnstile_response\"><\/div>\n\n<div class=\"form-group\">\n<div class=\"custom-input-box\">\n<i class=\"Simple-Line-Icons-user\"><\/i><span class=\"wpcf7-form-control-wrap\" data-name=\"your-name\"><input size=\"40\" maxlength=\"400\" class=\"wpcf7-form-control wpcf7-text wpcf7-validates-as-required form-control\" aria-required=\"true\" aria-invalid=\"false\" placeholder=\"Imie i nazwisko*\" value=\"\" type=\"text\" name=\"your-name\" \/><\/span>\n<\/div>\n<\/div>\n<div class=\"form-group\">\n<div class=\"custom-input-box\">\n<i class=\"Simple-Line-Icons-envelope\"><\/i><span class=\"wpcf7-form-control-wrap\" data-name=\"your-email\"><input size=\"40\" maxlength=\"400\" class=\"wpcf7-form-control wpcf7-email wpcf7-validates-as-required wpcf7-text wpcf7-validates-as-email form-control\" aria-required=\"true\" aria-invalid=\"false\" placeholder=\"E-mail*\" value=\"\" type=\"email\" name=\"your-email\" \/><\/span>\n<\/div>\n<\/div>\n<div class=\"form-group\">\n<div class=\"custom-input-box\">\n<i class=\"Simple-Line-Icons-bubble\"><\/i><span class=\"wpcf7-form-control-wrap\" data-name=\"your-message\"><textarea cols=\"40\" rows=\"10\" maxlength=\"2000\" class=\"wpcf7-form-control wpcf7-textarea wpcf7-validates-as-required form-control\" aria-required=\"true\" aria-invalid=\"false\" placeholder=\"Wiadomo\u015b\u0107*\" name=\"your-message\"><\/textarea><\/span>\n<\/div>\n<\/div>\n    <div class=\"col-lg-12\">\n        <label for=\"contact-captcha\">Przepisz tekst z obrazka *<\/label>\n    <\/div>\n    <div class=\"col-lg-3\">\n        <div class=\"form-group\">\n            <span class=\"wpcf7-form-control-wrap\" data-name=\"your-captcha\"><input size=\"40\" class=\"wpcf7-form-control wpcf7-captchar form-control\" autocomplete=\"off\" aria-invalid=\"false\" value=\"\" type=\"text\" name=\"your-captcha\" \/><\/span>\n        <\/div>\n    <\/div>\n    <div class=\"col-lg-3\">\n        <div class=\"form-group\">\n            <input type=\"hidden\" name=\"_wpcf7_captcha_challenge_your-captcha\" value=\"3067109971\" \/><img loading=\"lazy\" decoding=\"async\" class=\"wpcf7-form-control wpcf7-captchac wpcf7-captcha-your-captcha\" width=\"72\" height=\"24\" alt=\"captcha\" src=\"https:\/\/hiley.eu\/wp-content\/uploads\/wpcf7_captcha\/3067109971.png\" \/>\n        <\/div>\n    <\/div>\n<div class=\"submit-btn\"><input class=\"wpcf7-form-control wpcf7-submit has-spinner\" type=\"submit\" value=\"Wy\u015blij wiadomo\u015b\u0107\" \/><\/div><div class=\"wpcf7-response-output\" aria-hidden=\"true\"><\/div>\n<\/form>\n<\/div>\n[\/vc_column][\/vc_row][vc_row][vc_column][\/vc_column][\/vc_row]<\/p>\n<\/div>","protected":false},"excerpt":{"rendered":"<p>[vc_row][vc_column][\/vc_column][\/vc_row][vc_row wrap_container=&#8221;yes&#8221; css=&#8221;.vc_custom_1544835925643{padding-top: 90px !important;padding-bottom: 50px !important;}&#8221;][vc_column offset=&#8221;vc_col-md-offset-1 vc_col-md-10&#8243;][vc_cta h2=&#8221;Porozmawiajmy o mo\u017cliwo\u015bciach wsp\u00f3\u0142pracy&#8221; txt_align=&#8221;center&#8221; shape=&#8221;square&#8221; style=&#8221;flat&#8221; color=&#8221;white&#8221; add_button=&#8221;right&#8221; btn_title=&#8221;Skontaktuj si\u0119 z nami&#8221; btn_style=&#8221;modern&#8221; btn_color=&#8221;primary&#8221; btn_size=&#8221;lg&#8221; btn_align=&#8221;center&#8221; btn_skin=&#8221;dark&#8221; btn_show_arrow=&#8221;yes&#8221; btn_el_class=&#8221;btn-call-to-action&#8221; css=&#8221;.vc_custom_1707470176268{background-color: #f7f7f7 !important;}&#8221; el_class=&#8221;mb-0&#8243; btn_link=&#8221;url:%23contact&#8221;]Poszerz ofert\u0119 o wysokiej jako\u015bci hulajnogi elektryczne[\/vc_cta][\/vc_column][\/vc_row][vc_row wrap_container=&#8221;yes&#8221; css=&#8221;.vc_custom_1557865571086{border-top-width: 1px !important;padding-top: 75px !important;padding-bottom: 75px !important;border-top-color: rgba(0,0,0,0.06) !important;border-top-style: solid !important;}&#8221;][vc_column][vc_row_inner el_class=&#8221;content-grid no-padding&#8221;][vc_column_inner el_class=&#8221;content-grid-item&#8221; [&hellip;]<\/p>\n","protected":false},"author":1,"featured_media":0,"parent":0,"menu_order":0,"comment_status":"closed","ping_status":"closed","template":"","meta":{"_seopress_robots_primary_cat":"","_seopress_titles_title":"","_seopress_titles_desc":"","_seopress_robots_index":"","footnotes":""},"class_list":["post-2285","page","type-page","status-publish","hentry"],"_links":{"self":[{"href":"https:\/\/hiley.eu\/pl\/wp-json\/wp\/v2\/pages\/2285","targetHints":{"allow":["GET"]}}],"collection":[{"href":"https:\/\/hiley.eu\/pl\/wp-json\/wp\/v2\/pages"}],"about":[{"href":"https:\/\/hiley.eu\/pl\/wp-json\/wp\/v2\/types\/page"}],"author":[{"embeddable":true,"href":"https:\/\/hiley.eu\/pl\/wp-json\/wp\/v2\/users\/1"}],"replies":[{"embeddable":true,"href":"https:\/\/hiley.eu\/pl\/wp-json\/wp\/v2\/comments?post=2285"}],"version-history":[{"count":53,"href":"https:\/\/hiley.eu\/pl\/wp-json\/wp\/v2\/pages\/2285\/revisions"}],"predecessor-version":[{"id":5720,"href":"https:\/\/hiley.eu\/pl\/wp-json\/wp\/v2\/pages\/2285\/revisions\/5720"}],"wp:attachment":[{"href":"https:\/\/hiley.eu\/pl\/wp-json\/wp\/v2\/media?parent=2285"}],"curies":[{"name":"wp","href":"https:\/\/api.w.org\/{rel}","templated":true}]}}